{"id":33,"date":"2025-12-27T16:09:25","date_gmt":"2025-12-27T16:09:25","guid":{"rendered":"http:\/\/tiefgrund.com.br\/?page_id=33"},"modified":"2025-12-27T14:57:00","modified_gmt":"2025-12-27T17:57:00","slug":"home-2","status":"publish","type":"page","link":"https:\/\/tiefgrund.com.br\/","title":{"rendered":"Home"},"content":{"rendered":"\n<div class=\"wp-block-uagb-container uagb-block-33914ddc alignfull uagb-is-root-container\"><div class=\"uagb-container-inner-blocks-wrap\">\n<div class=\"wp-block-uagb-info-box uagb-block-32540a6c uagb-infobox__content-wrap  uagb-infobox-icon-above-title uagb-infobox-image-valign-top\"><div class=\"uagb-ifb-content\"><div class=\"uagb-ifb-title-wrap\"><span class=\"uagb-ifb-title-prefix\">Engenharia de Confian\u00e7a<\/span><h1 class=\"uagb-ifb-title\">Solu\u00e7\u00f5es de Engenharia para Seu Projeto<\/h1><\/div><p class=\"uagb-ifb-desc\">Na Tiefgrund Engenharia, entendemos suas necessidades e oferecemos as melhores solu\u00e7\u00f5es em gerenciamento de obras e avalia\u00e7\u00e3o de constru\u00e7\u00f5es.<\/p><div class=\"uagb-ifb-button-wrapper wp-block-button\"><a href=\"contact\/\" class=\"uagb-infobox-cta-link wp-block-button__link\" target=\"_self\" rel=\"noopener noreferrer\" onclick=\"return true;\"><span class=\"uagb-inline-editing\">Solicite uma Proposta<\/span><\/a><\/div><\/div><\/div>\n<\/div><\/div>\n\n\n\n<div class=\"wp-block-uagb-container uagb-block-5b740152 alignfull uagb-is-root-container\"><div class=\"uagb-container-inner-blocks-wrap\">\n<div class=\"wp-block-uagb-container uagb-block-590aa15a\">\n<div class=\"wp-block-uagb-info-box uagb-block-2359313e uagb-infobox__content-wrap  uagb-infobox-icon-above-title uagb-infobox-image-valign-top\"><div class=\"uagb-ifb-content\"><div class=\"uagb-ifb-title-wrap\"><span class=\"uagb-ifb-title-prefix\">Quem Somos<\/span><h2 class=\"uagb-ifb-title\">Compromisso com a Satisfa\u00e7\u00e3o do Cliente<\/h2><\/div><\/div><\/div>\n<\/div>\n\n\n\n<div class=\"wp-block-uagb-container uagb-block-6ec428b1\">\n<div class=\"wp-block-uagb-advanced-heading uagb-block-e30f7b91\"><h3 class=\"uagb-heading-text\">Tiefgrund Engenharia \u00e9 uma empresa dedicada a oferecer solu\u00e7\u00f5es inovadoras e confi\u00e1veis no setor de engenharia.<\/h3><p class=\"uagb-desc-text\">Especializada em servi\u00e7os de engenharia na constru\u00e7\u00e3o civil, gerenciamento de obras e an\u00e1lises construtivas, a Tiefgrund se destaca por seu comprometimento com qualidade, prazos e custo-benef\u00edcio. Nossa equipe altamente qualificada busca sempre a excel\u00eancia, garantindo resultados que superam as expectativas dos clientes. Com v\u00e1rias certifica\u00e7\u00f5es e pr\u00eamios, somos reconhecidos pela nossa inova\u00e7\u00e3o e dedica\u00e7\u00e3o no setor.<\/p><\/div>\n\n\n\n<div class=\"wp-block-uagb-buttons uagb-buttons__outer-wrap uagb-btn__default-btn uagb-btn-tablet__default-btn uagb-btn-mobile__default-btn uagb-block-dce11512\"><div class=\"uagb-buttons__wrap uagb-buttons-layout-wrap \">\n<div class=\"wp-block-uagb-buttons-child uagb-buttons__outer-wrap uagb-block-dff7d825 wp-block-button\"><div class=\"uagb-button__wrapper\"><a class=\"uagb-buttons-repeater ast-outline-button\" aria-label=\"\" style=\"border-width:revert-layer\" href=\"about\/\" rel=\"follow noopener\" target=\"_self\" role=\"button\"><div class=\"uagb-button__link\">SAIBA MAIS<\/div><\/a><\/div><\/div>\n<\/div><\/div>\n<\/div>\n<\/div><\/div>\n\n\n\n<div class=\"wp-block-uagb-container uagb-block-6524a66f alignfull uagb-is-root-container\"><div class=\"uagb-container-inner-blocks-wrap\">\n<div class=\"wp-block-uagb-info-box uagb-block-99aa96b3 uagb-infobox__content-wrap  uagb-infobox-icon-above-title uagb-infobox-image-valign-top\"><div class=\"uagb-ifb-content\"><div class=\"uagb-ifb-title-wrap\"><span class=\"uagb-ifb-title-prefix\">Nossos Servi\u00e7os<\/span><h2 class=\"uagb-ifb-title\">Solu\u00e7\u00f5es Personalizadas em Engenharia<\/h2><\/div><p class=\"uagb-ifb-desc\">Oferecemos servi\u00e7os completos para atender suas necessidades de constru\u00e7\u00e3o e gerenciamento de obras.<\/p><\/div><\/div>\n\n\n\n<div class=\"wp-block-uagb-container uagb-block-a0a42333\">\n<div class=\"wp-block-uagb-container uagb-block-9abd22a4\">\n<div class=\"wp-block-uagb-advanced-heading uagb-block-769a552b\"><h2 class=\"uagb-heading-text\">01.<\/h2><div class=\"uagb-separator\"><\/div><\/div>\n\n\n\n<div class=\"wp-block-uagb-info-box uagb-block-d59c5b69 uagb-infobox__content-wrap  uagb-infobox-icon-above-title uagb-infobox-image-valign-top\"><div class=\"uagb-ifb-content\"><div class=\"uagb-ifb-title-wrap\"><h3 class=\"uagb-ifb-title\">Gerenciamento de Obras<\/h3><\/div><p class=\"uagb-ifb-desc\">Especializamos no gerenciamento completo de obras, garantindo efici\u00eancia e cumprimento de prazos.<\/p><div class=\"uagb-ifb-button-wrapper wp-block-button\"><a href=\"services\/\" target=\"_self\" onclick=\"return true;\" class=\"uagb-infobox-cta-link\" rel=\"noopener noreferrer\"><span class=\"uagb-inline-editing\">SAIBA MAIS<\/span><\/a><\/div><\/div><\/div>\n<\/div>\n\n\n\n<div class=\"wp-block-uagb-container uagb-block-032d95fc\">\n<div class=\"wp-block-uagb-advanced-heading uagb-block-728f4cfc\"><h2 class=\"uagb-heading-text\">02.<\/h2><div class=\"uagb-separator\"><\/div><\/div>\n\n\n\n<div class=\"wp-block-uagb-info-box uagb-block-ef01bad9 uagb-infobox__content-wrap  uagb-infobox-icon-above-title uagb-infobox-image-valign-top\"><div class=\"uagb-ifb-content\"><div class=\"uagb-ifb-title-wrap\"><h3 class=\"uagb-ifb-title\">Avalia\u00e7\u00f5es de Constru\u00e7\u00f5es<\/h3><\/div><p class=\"uagb-ifb-desc\">Realizamos avalia\u00e7\u00f5es detalhadas para garantir a seguran\u00e7a e a conformidade das edifica\u00e7\u00f5es.<\/p><div class=\"uagb-ifb-button-wrapper wp-block-button\"><a href=\"services\/\" target=\"_self\" onclick=\"return true;\" class=\"uagb-infobox-cta-link\" rel=\"noopener noreferrer\"><span class=\"uagb-inline-editing\">SAIBA MAIS<\/span><\/a><\/div><\/div><\/div>\n<\/div>\n\n\n\n<div class=\"wp-block-uagb-container uagb-block-9c8fa577\">\n<div class=\"wp-block-uagb-advanced-heading uagb-block-cd560cd0\"><h2 class=\"uagb-heading-text\">03.<\/h2><div class=\"uagb-separator\"><\/div><\/div>\n\n\n\n<div class=\"wp-block-uagb-info-box uagb-block-0bb78aa6 uagb-infobox__content-wrap  uagb-infobox-icon-above-title uagb-infobox-image-valign-top\"><div class=\"uagb-ifb-content\"><div class=\"uagb-ifb-title-wrap\"><h3 class=\"uagb-ifb-title\">Consultoria em Engenharia<\/h3><\/div><p class=\"uagb-ifb-desc\">Oferecemos consultoria especializada para otimizar projetos e processos de constru\u00e7\u00e3o.<\/p><div class=\"uagb-ifb-button-wrapper wp-block-button\"><a href=\"services\/\" target=\"_self\" onclick=\"return true;\" class=\"uagb-infobox-cta-link\" rel=\"noopener noreferrer\"><span class=\"uagb-inline-editing\">SAIBA MAIS<\/span><\/a><\/div><\/div><\/div>\n<\/div>\n<\/div>\n<\/div><\/div>\n\n\n\n<div class=\"wp-block-uagb-container uagb-block-2f326697 alignfull uagb-is-root-container\"><div class=\"uagb-container-inner-blocks-wrap\">\n<div class=\"wp-block-uagb-info-box uagb-block-76ceb716 uagb-infobox__content-wrap  uagb-infobox-icon-above-title uagb-infobox-image-valign-top\"><div class=\"uagb-ifb-content\"><div class=\"uagb-ifb-title-wrap\"><span class=\"uagb-ifb-title-prefix\">O que nos diferencia<\/span><h2 class=\"uagb-ifb-title\">Solu\u00e7\u00f5es personalizadas e comprometidas com prazos<\/h2><\/div><p class=\"uagb-ifb-desc\">Oferecemos servi\u00e7os de engenharia \u00fanicos, adaptados \u00e0s necessidades reais dos nossos clientes.<\/p><\/div><\/div>\n\n\n\n<div class=\"wp-block-uagb-image alignleft uagb-block-3c7a7974 wp-block-uagb-image--layout-default wp-block-uagb-image--effect-static wp-block-uagb-image--align-left\"><figure class=\"wp-block-uagb-image__figure\"><img decoding=\"async\" srcset=\"https:\/\/tiefgrund.com.br\/wp-content\/uploads\/2025\/12\/blue-glass-walled-high-rise-building-yhg6p8vw-is.jpeg ,https:\/\/tiefgrund.com.br\/wp-content\/uploads\/2025\/12\/blue-glass-walled-high-rise-building-yhg6p8vw-is.jpeg 780w, https:\/\/tiefgrund.com.br\/wp-content\/uploads\/2025\/12\/blue-glass-walled-high-rise-building-yhg6p8vw-is.jpeg 360w\" sizes=\"auto, (max-width: 480px) 150px\" src=\"https:\/\/tiefgrund.com.br\/wp-content\/uploads\/2025\/12\/blue-glass-walled-high-rise-building-yhg6p8vw-is.jpeg\" alt=\"Learn Photography - https:\/\/mikitayo.com\/blog\" class=\"uag-image-450\" width=\"1200\" height=\"450\" title=\"Home\" loading=\"lazy\" role=\"img\"><\/figure><\/div>\n\n\n\n<div class=\"wp-block-uagb-container uagb-block-84e181c4\">\n<div class=\"wp-block-uagb-info-box uagb-block-4bbc11b0 uagb-infobox__content-wrap  uagb-infobox-icon-above-title uagb-infobox-image-valign-top\"><div class=\"uagb-ifb-content\"><div class=\"uagb-ifb-title-wrap\"><span class=\"uagb-ifb-title-prefix\">01<\/span><h3 class=\"uagb-ifb-title\">Foco no Cliente<\/h3><\/div><p class=\"uagb-ifb-desc\">N\u00f3s entendemos as necessidades dos clientes e adaptamos nossas solu\u00e7\u00f5es para garantir satisfa\u00e7\u00e3o total a cada projeto.<\/p><\/div><\/div>\n\n\n\n<div class=\"wp-block-uagb-info-box uagb-block-e039f349 uagb-infobox__content-wrap  uagb-infobox-icon-above-title uagb-infobox-image-valign-top\"><div class=\"uagb-ifb-content\"><div class=\"uagb-ifb-title-wrap\"><span class=\"uagb-ifb-title-prefix\">02<\/span><h3 class=\"uagb-ifb-title\">Compromisso com Prazos<\/h3><\/div><p class=\"uagb-ifb-desc\">Trabalhamos com rigor para atender os prazos de entrega, permitindo que nossos clientes se concentrem em seus neg\u00f3cios.<\/p><\/div><\/div>\n\n\n\n<div class=\"wp-block-uagb-info-box uagb-block-8ff54d31 uagb-infobox__content-wrap  uagb-infobox-icon-above-title uagb-infobox-image-valign-top\"><div class=\"uagb-ifb-content\"><div class=\"uagb-ifb-title-wrap\"><span class=\"uagb-ifb-title-prefix\">03<\/span><h3 class=\"uagb-ifb-title\">Transpar\u00eancia Financeira<\/h3><\/div><p class=\"uagb-ifb-desc\">Oferecemos or\u00e7amentos claros e sem surpresas, garantindo que nossos clientes saibam exatamente onde est\u00e3o investindo.<\/p><\/div><\/div>\n<\/div>\n<\/div><\/div>\n\n\n\n<div class=\"wp-block-uagb-container uagb-block-b684870f alignfull uagb-is-root-container\"><div class=\"uagb-container-inner-blocks-wrap\">\n<div class=\"wp-block-uagb-info-box uagb-block-f83a47d8 uagb-infobox__content-wrap  uagb-infobox-icon-above-title uagb-infobox-image-valign-top\"><div class=\"uagb-ifb-content\"><div class=\"uagb-ifb-title-wrap\"><span class=\"uagb-ifb-title-prefix\">Entre em Contato<\/span><h2 class=\"uagb-ifb-title\">Pronto para transformar seu projeto? Fale conosco!<\/h2><\/div><p class=\"uagb-ifb-desc\">Nossos especialistas est\u00e3o dispon\u00edveis para ajudar voc\u00ea a implementar a melhor solu\u00e7\u00e3o de engenharia para sua necessidade.<\/p><div class=\"uagb-ifb-button-wrapper wp-block-button\"><a href=\"\/contact\/\" class=\"uagb-infobox-cta-link wp-block-button__link\" target=\"_self\" rel=\"noopener noreferrer\" onclick=\"return true;\" alt=\"\"><span class=\"uagb-inline-editing\">Solicite uma Proposta<\/span><\/a><\/div><\/div><\/div>\n<\/div><\/div>\n","protected":false},"excerpt":{"rendered":"<p>Tiefgrund Engenharia \u00e9 uma empresa dedicada a oferecer solu\u00e7\u00f5es inovadoras e confi\u00e1veis no setor de engenharia. Especializada em servi\u00e7os de [&hellip;]<\/p>\n","protected":false},"author":6,"featured_media":0,"parent":0,"menu_order":0,"comment_status":"closed","ping_status":"closed","template":"","meta":{"_uag_custom_page_level_css":"","site-sidebar-layout":"default","site-content-layout":"","ast-site-content-layout":"default","site-content-style":"default","site-sidebar-style":"default","ast-global-header-display":"","ast-banner-title-visibility":"","ast-main-header-display":"","ast-hfb-above-header-display":"","ast-hfb-below-header-display":"","ast-hfb-mobile-header-display":"","site-post-title":"disabled","ast-breadcrumbs-content":"","ast-featured-img":"","footer-sml-layout":"","ast-disable-related-posts":"","theme-transparent-header-meta":"enabled","adv-header-id-meta":"","stick-header-meta":"","header-above-stick-meta":"","header-main-stick-meta":"","header-below-stick-meta":"","astra-migrate-meta-layouts":"default","ast-page-background-enabled":"default","ast-page-background-meta":{"desktop":{"background-color":"var(--ast-global-color-4)","background-image":"","background-repeat":"repeat","background-position":"center center","background-size":"auto","background-attachment":"scroll","background-type":"","background-media":"","overlay-type":"","overlay-color":"","overlay-opacity":"","overlay-gradient":""},"tablet":{"background-color":"","background-image":"","background-repeat":"repeat","background-position":"center center","background-size":"auto","background-attachment":"scroll","background-type":"","background-media":"","overlay-type":"","overlay-color":"","overlay-opacity":"","overlay-gradient":""},"mobile":{"background-color":"","background-image":"","background-repeat":"repeat","background-position":"center center","background-size":"auto","background-attachment":"scroll","background-type":"","background-media":"","overlay-type":"","overlay-color":"","overlay-opacity":"","overlay-gradient":""}},"ast-content-background-meta":{"desktop":{"background-color":"var(--ast-global-color-5)","background-image":"","background-repeat":"repeat","background-position":"center center","background-size":"auto","background-attachment":"scroll","background-type":"","background-media":"","overlay-type":"","overlay-color":"","overlay-opacity":"","overlay-gradient":""},"tablet":{"background-color":"var(--ast-global-color-5)","background-image":"","background-repeat":"repeat","background-position":"center center","background-size":"auto","background-attachment":"scroll","background-type":"","background-media":"","overlay-type":"","overlay-color":"","overlay-opacity":"","overlay-gradient":""},"mobile":{"background-color":"var(--ast-global-color-5)","background-image":"","background-repeat":"repeat","background-position":"center center","background-size":"auto","background-attachment":"scroll","background-type":"","background-media":"","overlay-type":"","overlay-color":"","overlay-opacity":"","overlay-gradient":""}},"footnotes":""},"class_list":["post-33","page","type-page","status-publish","hentry"],"uagb_featured_image_src":{"full":false,"thumbnail":false,"medium":false,"medium_large":false,"large":false,"1536x1536":false,"2048x2048":false},"uagb_author_info":{"display_name":"franco_pv","author_link":"https:\/\/tiefgrund.com.br\/?author=6"},"uagb_comment_info":0,"uagb_excerpt":"Tiefgrund Engenharia \u00e9 uma empresa dedicada a oferecer solu\u00e7\u00f5es inovadoras e confi\u00e1veis no setor de engenharia. Especializada em servi\u00e7os de [&hellip;]","_links":{"self":[{"href":"https:\/\/tiefgrund.com.br\/index.php?rest_route=\/wp\/v2\/pages\/33","targetHints":{"allow":["GET"]}}],"collection":[{"href":"https:\/\/tiefgrund.com.br\/index.php?rest_route=\/wp\/v2\/pages"}],"about":[{"href":"https:\/\/tiefgrund.com.br\/index.php?rest_route=\/wp\/v2\/types\/page"}],"author":[{"embeddable":true,"href":"https:\/\/tiefgrund.com.br\/index.php?rest_route=\/wp\/v2\/users\/6"}],"replies":[{"embeddable":true,"href":"https:\/\/tiefgrund.com.br\/index.php?rest_route=%2Fwp%2Fv2%2Fcomments&post=33"}],"version-history":[{"count":9,"href":"https:\/\/tiefgrund.com.br\/index.php?rest_route=\/wp\/v2\/pages\/33\/revisions"}],"predecessor-version":[{"id":462,"href":"https:\/\/tiefgrund.com.br\/index.php?rest_route=\/wp\/v2\/pages\/33\/revisions\/462"}],"wp:attachment":[{"href":"https:\/\/tiefgrund.com.br\/index.php?rest_route=%2Fwp%2Fv2%2Fmedia&parent=33"}],"curies":[{"name":"wp","href":"https:\/\/api.w.org\/{rel}","templated":true}]}}