{"id":35,"date":"2025-12-27T16:09:26","date_gmt":"2025-12-27T16:09:26","guid":{"rendered":"http:\/\/tiefgrund.com.br\/?page_id=35"},"modified":"2025-12-27T14:53:26","modified_gmt":"2025-12-27T17:53:26","slug":"about","status":"publish","type":"page","link":"https:\/\/tiefgrund.com.br\/?page_id=35","title":{"rendered":"Sobre"},"content":{"rendered":"\n<div class=\"wp-block-uagb-container uagb-block-9ed5e6d4 alignfull uagb-is-root-container\"><div class=\"uagb-container-inner-blocks-wrap\">\n<div class=\"wp-block-uagb-info-box uagb-block-d5b134cc uagb-infobox__content-wrap  uagb-infobox-icon-above-title uagb-infobox-image-valign-top\"><div class=\"uagb-ifb-content\"><div class=\"uagb-ifb-title-wrap\"><span class=\"uagb-ifb-title-prefix\">Solu\u00e7\u00f5es de Engenharia Inovadoras<\/span><h1 class=\"uagb-ifb-title\">Conhe\u00e7a a Tiefgrund Engenharia<\/h1><\/div><\/div><\/div>\n<\/div><\/div>\n\n\n\n<div class=\"wp-block-uagb-container uagb-block-43961427 alignfull uagb-is-root-container\"><div class=\"uagb-container-inner-blocks-wrap\">\n<div class=\"wp-block-uagb-container uagb-block-91de6b3c\">\n<div class=\"wp-block-uagb-info-box uagb-block-2359313e uagb-infobox__content-wrap  uagb-infobox-icon-above-title uagb-infobox-image-valign-top\"><div class=\"uagb-ifb-content\"><div class=\"uagb-ifb-title-wrap\"><span class=\"uagb-ifb-title-prefix\">Quem Somos<\/span><h2 class=\"uagb-ifb-title\">Compromisso com a Satisfa\u00e7\u00e3o do Cliente<\/h2><\/div><\/div><\/div>\n\n\n\n<div class=\"wp-block-uagb-info-box uagb-block-3e6b189a uagb-infobox__content-wrap  uagb-infobox-icon-above-title uagb-infobox-image-valign-top\"><div class=\"uagb-ifb-content\"><div class=\"uagb-ifb-title-wrap\"><h3 class=\"uagb-ifb-title-prefix\">Tiefgrund Engenharia \u00e9 uma empresa dedicada a oferecer solu\u00e7\u00f5es inovadoras e confi\u00e1veis no setor de engenharia.<\/h3><p class=\"uagb-ifb-title\">Especializada em servi\u00e7os de engenharia na constru\u00e7\u00e3o civil, gerenciamento de obras e an\u00e1lises construtivas, a Tiefgrund se destaca por seu comprometimento com qualidade, prazos e custo-benef\u00edcio. Nossa equipe altamente qualificada busca sempre a excel\u00eancia, garantindo resultados que superam as expectativas dos clientes. Com v\u00e1rias certifica\u00e7\u00f5es e pr\u00eamios, somos reconhecidos pela nossa inova\u00e7\u00e3o e dedica\u00e7\u00e3o no setor.<\/p><\/div><p class=\"uagb-ifb-desc\">Na Tiefgrund Engenharia, transformamos desafios em solu\u00e7\u00f5es pr\u00e1ticas, garantindo que nossos clientes tenham sucesso em seus projetos de constru\u00e7\u00e3o. Nossa experi\u00eancia e comprometimento resultam em obras entregues dentro do prazo e or\u00e7amento, permitindo que nossos clientes se concentrem em suas opera\u00e7\u00f5es principais.<\/p><\/div><\/div>\n<\/div>\n\n\n\n<div class=\"wp-block-uagb-image alignleft uagb-block-aa6e2cb7 wp-block-uagb-image--layout-default wp-block-uagb-image--effect-static wp-block-uagb-image--align-left\"><figure class=\"wp-block-uagb-image__figure\"><img decoding=\"async\" srcset=\"https:\/\/tiefgrund.com.br\/wp-content\/uploads\/2025\/12\/engineer-engineering-4922777.jpg ,https:\/\/tiefgrund.com.br\/wp-content\/uploads\/2025\/12\/engineer-engineering-4922777.jpg 780w, https:\/\/tiefgrund.com.br\/wp-content\/uploads\/2025\/12\/engineer-engineering-4922777.jpg 360w\" sizes=\"auto, (max-width: 480px) 150px\" src=\"https:\/\/tiefgrund.com.br\/wp-content\/uploads\/2025\/12\/engineer-engineering-4922777.jpg\" alt=\"engineer, engineering, sports engineering, computer, computing, desk, office\" class=\"uag-image-459\" width=\"1200\" height=\"450\" title=\"Sobre\" loading=\"lazy\" role=\"img\"><\/figure><\/div>\n\n\n\n<div class=\"wp-block-uagb-container uagb-block-3f9cf3b8\">\n<div class=\"wp-block-uagb-info-box uagb-block-4bbc11b0 uagb-infobox__content-wrap  uagb-infobox-icon-above-title uagb-infobox-image-valign-top\"><div class=\"uagb-ifb-content\"><div class=\"uagb-ifb-title-wrap\"><span class=\"uagb-ifb-title-prefix\">Nossa Miss\u00e3o<\/span><h3 class=\"uagb-ifb-title\">Compromisso com a Excel\u00eancia<\/h3><\/div><p class=\"uagb-ifb-desc\">Nossa miss\u00e3o \u00e9 entender as necessidades dos nossos clientes e oferecer solu\u00e7\u00f5es em engenharia que superem suas expectativas. Atrav\u00e9s de um gerenciamento eficaz de obras, nos dedicamos a garantir a satisfa\u00e7\u00e3o total do cliente em cada projeto que realizamos.<\/p><\/div><\/div>\n\n\n\n<div class=\"wp-block-uagb-info-box uagb-block-eba12409 uagb-infobox__content-wrap  uagb-infobox-icon-above-title uagb-infobox-image-valign-top\"><div class=\"uagb-ifb-content\"><div class=\"uagb-ifb-title-wrap\"><span class=\"uagb-ifb-title-prefix\">Nossos Valores<\/span><h3 class=\"uagb-ifb-title\">Princ\u00edpios que Definem a Tiefgrund<\/h3><\/div><p class=\"uagb-ifb-desc\">Os valores da Tiefgrund baseiam-se na integridade, comprometimento com prazos, efici\u00eancia e respeito \u00e0s necessidades dos nossos clientes. Acreditamos que somente com uma comunica\u00e7\u00e3o transparente e um trabalho em equipe podemos alcan\u00e7ar os melhores resultados.<\/p><\/div><\/div>\n<\/div>\n<\/div><\/div>\n\n\n\n<div class=\"wp-block-uagb-container uagb-block-6f310176 alignfull uagb-is-root-container\"><div class=\"uagb-container-inner-blocks-wrap\">\n<div class=\"wp-block-uagb-container uagb-block-5962c3bc\">\n<div class=\"wp-block-uagb-info-box uagb-block-31e33fee uagb-infobox__content-wrap  uagb-infobox-icon-above-title uagb-infobox-image-valign-top\"><div class=\"uagb-ifb-content\"><div class=\"uagb-ifb-title-wrap\"><span class=\"uagb-ifb-title-prefix\">Perguntas Frequentes<\/span><h2 class=\"uagb-ifb-title\">D\u00favidas Comuns Sobre Nossos Servi\u00e7os<\/h2><\/div><\/div><\/div>\n\n\n<div class=\"wp-block-uagb-faq uagb-faq__outer-wrap uagb-block-0c5731f4 uagb-faq-icon-row-reverse uagb-faq-layout-accordion uagb-faq-expand-first-true uagb-faq-inactive-other-true uagb-faq__wrap uagb-buttons-layout-wrap uagb-faq-equal-height     \" data-faqtoggle=\"true\" role=\"tablist\"><div class=\"wp-block-uagb-faq-child uagb-faq-child__outer-wrap uagb-faq-item uagb-block-8a302e01 \" role=\"tab\" tabindex=\"0\"><div class=\"uagb-faq-questions-button uagb-faq-questions\">\t\t\t<span class=\"uagb-icon uagb-faq-icon-wrap\">\n\t\t\t\t\t\t\t\t<svg xmlns=\"https:\/\/www.w3.org\/2000\/svg\" viewBox= \"0 0 384 512\"><path d=\"M192 384c-8.188 0-16.38-3.125-22.62-9.375l-160-160c-12.5-12.5-12.5-32.75 0-45.25s32.75-12.5 45.25 0L192 306.8l137.4-137.4c12.5-12.5 32.75-12.5 45.25 0s12.5 32.75 0 45.25l-160 160C208.4 380.9 200.2 384 192 384z\"><\/path><\/svg>\n\t\t\t\t\t\t\t<\/span>\n\t\t\t\t\t\t<span class=\"uagb-icon-active uagb-faq-icon-wrap\">\n\t\t\t\t\t\t\t\t<svg xmlns=\"https:\/\/www.w3.org\/2000\/svg\" viewBox= \"0 0 384 512\"><path d=\"M352 352c-8.188 0-16.38-3.125-22.62-9.375L192 205.3l-137.4 137.4c-12.5 12.5-32.75 12.5-45.25 0s-12.5-32.75 0-45.25l160-160c12.5-12.5 32.75-12.5 45.25 0l160 160c12.5 12.5 12.5 32.75 0 45.25C368.4 348.9 360.2 352 352 352z\"><\/path><\/svg>\n\t\t\t\t\t\t\t<\/span>\n\t\t\t<p class=\"uagb-question\">Quais servi\u00e7os a Tiefgrund oferece?<\/p><\/div><div class=\"uagb-faq-content\"><p>A Tiefgrund oferece uma gama de servi\u00e7os de engenharia, incluindo gerenciamento de obras, constru\u00e7\u00e3o e avalia\u00e7\u00f5es de constru\u00e7\u00f5es. Nossa equipe est\u00e1 preparada para atender a diversas necessidades do setor da constru\u00e7\u00e3o civil, garantindo a melhor solu\u00e7\u00e3o para seu projeto.<\/p><\/div><\/div><div class=\"wp-block-uagb-faq-child uagb-faq-child__outer-wrap uagb-faq-item uagb-block-cef63c6f \" role=\"tab\" tabindex=\"0\"><div class=\"uagb-faq-questions-button uagb-faq-questions\">\t\t\t<span class=\"uagb-icon uagb-faq-icon-wrap\">\n\t\t\t\t\t\t\t\t<svg xmlns=\"https:\/\/www.w3.org\/2000\/svg\" viewBox= \"0 0 384 512\"><path d=\"M192 384c-8.188 0-16.38-3.125-22.62-9.375l-160-160c-12.5-12.5-12.5-32.75 0-45.25s32.75-12.5 45.25 0L192 306.8l137.4-137.4c12.5-12.5 32.75-12.5 45.25 0s12.5 32.75 0 45.25l-160 160C208.4 380.9 200.2 384 192 384z\"><\/path><\/svg>\n\t\t\t\t\t\t\t<\/span>\n\t\t\t\t\t\t<span class=\"uagb-icon-active uagb-faq-icon-wrap\">\n\t\t\t\t\t\t\t\t<svg xmlns=\"https:\/\/www.w3.org\/2000\/svg\" viewBox= \"0 0 384 512\"><path d=\"M352 352c-8.188 0-16.38-3.125-22.62-9.375L192 205.3l-137.4 137.4c-12.5 12.5-32.75 12.5-45.25 0s-12.5-32.75 0-45.25l160-160c12.5-12.5 32.75-12.5 45.25 0l160 160c12.5 12.5 12.5 32.75 0 45.25C368.4 348.9 360.2 352 352 352z\"><\/path><\/svg>\n\t\t\t\t\t\t\t<\/span>\n\t\t\t<p class=\"uagb-question\">Como a Tiefgrund garante prazos e custos?<\/p><\/div><div class=\"uagb-faq-content\"><p>N\u00f3s seguimos um rigoroso planejamento e monitoramento das obras para assegurar que prazos e custos sejam cumpridos. Com uma comunica\u00e7\u00e3o clara e trabalho colaborativo, buscamos minimizar riscos e otimizar recursos durante o processo de execu\u00e7\u00e3o.<\/p><\/div><\/div><div class=\"wp-block-uagb-faq-child uagb-faq-child__outer-wrap uagb-faq-item uagb-block-f6a73cb6 \" role=\"tab\" tabindex=\"0\"><div class=\"uagb-faq-questions-button uagb-faq-questions\">\t\t\t<span class=\"uagb-icon uagb-faq-icon-wrap\">\n\t\t\t\t\t\t\t\t<svg xmlns=\"https:\/\/www.w3.org\/2000\/svg\" viewBox= \"0 0 384 512\"><path d=\"M192 384c-8.188 0-16.38-3.125-22.62-9.375l-160-160c-12.5-12.5-12.5-32.75 0-45.25s32.75-12.5 45.25 0L192 306.8l137.4-137.4c12.5-12.5 32.75-12.5 45.25 0s12.5 32.75 0 45.25l-160 160C208.4 380.9 200.2 384 192 384z\"><\/path><\/svg>\n\t\t\t\t\t\t\t<\/span>\n\t\t\t\t\t\t<span class=\"uagb-icon-active uagb-faq-icon-wrap\">\n\t\t\t\t\t\t\t\t<svg xmlns=\"https:\/\/www.w3.org\/2000\/svg\" viewBox= \"0 0 384 512\"><path d=\"M352 352c-8.188 0-16.38-3.125-22.62-9.375L192 205.3l-137.4 137.4c-12.5 12.5-32.75 12.5-45.25 0s-12.5-32.75 0-45.25l160-160c12.5-12.5 32.75-12.5 45.25 0l160 160c12.5 12.5 12.5 32.75 0 45.25C368.4 348.9 360.2 352 352 352z\"><\/path><\/svg>\n\t\t\t\t\t\t\t<\/span>\n\t\t\t<p class=\"uagb-question\">Quais s\u00e3o os diferenciais da Tiefgrund?<\/p><\/div><div class=\"uagb-faq-content\"><p>Nosso diferencial est\u00e1 na busca pela satisfa\u00e7\u00e3o do cliente, aliada a uma compreens\u00e3o profunda das suas necessidades. Com uma equipe de profissionais experientes, oferecemos solu\u00e7\u00f5es personalizadas que almejam efici\u00eancia e qualidade em cada projeto.<\/p><\/div><\/div><\/div><\/div>\n\n\n\n<div class=\"wp-block-uagb-container uagb-block-892c8053\">\n<div class=\"wp-block-uagb-image alignleft uagb-block-8c89d0eb wp-block-uagb-image--layout-default wp-block-uagb-image--effect-static wp-block-uagb-image--align-left\"><figure class=\"wp-block-uagb-image__figure\"><img decoding=\"async\" srcset=\"https:\/\/tiefgrund.com.br\/wp-content\/uploads\/2025\/12\/curtain-wall-buildings-under-blue-cloudy-sky-53212.jpeg ,https:\/\/tiefgrund.com.br\/wp-content\/uploads\/2025\/12\/curtain-wall-buildings-under-blue-cloudy-sky-53212.jpeg 780w, https:\/\/tiefgrund.com.br\/wp-content\/uploads\/2025\/12\/curtain-wall-buildings-under-blue-cloudy-sky-53212.jpeg 360w\" sizes=\"auto, (max-width: 480px) 150px\" src=\"https:\/\/tiefgrund.com.br\/wp-content\/uploads\/2025\/12\/curtain-wall-buildings-under-blue-cloudy-sky-53212.jpeg\" alt=\"A striking view of One World Trade Center reflecting clouds in New York City.\" class=\"uag-image-453\" width=\"600\" height=\"500\" title=\"Sobre\" loading=\"lazy\" role=\"img\"><\/figure><\/div>\n<\/div>\n<\/div><\/div>\n\n\n\n<div class=\"wp-block-uagb-container uagb-block-b684870f alignfull uagb-is-root-container\"><div class=\"uagb-container-inner-blocks-wrap\">\n<div class=\"wp-block-uagb-info-box uagb-block-f83a47d8 uagb-infobox__content-wrap  uagb-infobox-icon-above-title uagb-infobox-image-valign-top\"><div class=\"uagb-ifb-content\"><div class=\"uagb-ifb-title-wrap\"><span class=\"uagb-ifb-title-prefix\">Entre em Contato<\/span><h2 class=\"uagb-ifb-title\">Pronto para transformar seu projeto? Fale conosco!<\/h2><\/div><p class=\"uagb-ifb-desc\">Nossos especialistas est\u00e3o dispon\u00edveis para ajudar voc\u00ea a implementar a melhor solu\u00e7\u00e3o de engenharia para sua necessidade.<\/p><div class=\"uagb-ifb-button-wrapper wp-block-button\"><a href=\"\/contact\/\" class=\"uagb-infobox-cta-link wp-block-button__link\" target=\"_self\" rel=\"noopener noreferrer\" onclick=\"return true;\" alt=\"\"><span class=\"uagb-inline-editing\">Solicite uma Proposta<\/span><\/a><\/div><\/div><\/div>\n<\/div><\/div>\n","protected":false},"excerpt":{"rendered":"","protected":false},"author":6,"featured_media":0,"parent":0,"menu_order":0,"comment_status":"closed","ping_status":"closed","template":"","meta":{"_uag_custom_page_level_css":"","site-sidebar-layout":"default","site-content-layout":"","ast-site-content-layout":"default","site-content-style":"default","site-sidebar-style":"default","ast-global-header-display":"","ast-banner-title-visibility":"","ast-main-header-display":"","ast-hfb-above-header-display":"","ast-hfb-below-header-display":"","ast-hfb-mobile-header-display":"","site-post-title":"disabled","ast-breadcrumbs-content":"","ast-featured-img":"","footer-sml-layout":"","ast-disable-related-posts":"","theme-transparent-header-meta":"enabled","adv-header-id-meta":"","stick-header-meta":"","header-above-stick-meta":"","header-main-stick-meta":"","header-below-stick-meta":"","astra-migrate-meta-layouts":"default","ast-page-background-enabled":"default","ast-page-background-meta":{"desktop":{"background-color":"var(--ast-global-color-4)","background-image":"","background-repeat":"repeat","background-position":"center center","background-size":"auto","background-attachment":"scroll","background-type":"","background-media":"","overlay-type":"","overlay-color":"","overlay-opacity":"","overlay-gradient":""},"tablet":{"background-color":"","background-image":"","background-repeat":"repeat","background-position":"center center","background-size":"auto","background-attachment":"scroll","background-type":"","background-media":"","overlay-type":"","overlay-color":"","overlay-opacity":"","overlay-gradient":""},"mobile":{"background-color":"","background-image":"","background-repeat":"repeat","background-position":"center center","background-size":"auto","background-attachment":"scroll","background-type":"","background-media":"","overlay-type":"","overlay-color":"","overlay-opacity":"","overlay-gradient":""}},"ast-content-background-meta":{"desktop":{"background-color":"var(--ast-global-color-5)","background-image":"","background-repeat":"repeat","background-position":"center center","background-size":"auto","background-attachment":"scroll","background-type":"","background-media":"","overlay-type":"","overlay-color":"","overlay-opacity":"","overlay-gradient":""},"tablet":{"background-color":"var(--ast-global-color-5)","background-image":"","background-repeat":"repeat","background-position":"center center","background-size":"auto","background-attachment":"scroll","background-type":"","background-media":"","overlay-type":"","overlay-color":"","overlay-opacity":"","overlay-gradient":""},"mobile":{"background-color":"var(--ast-global-color-5)","background-image":"","background-repeat":"repeat","background-position":"center center","background-size":"auto","background-attachment":"scroll","background-type":"","background-media":"","overlay-type":"","overlay-color":"","overlay-opacity":"","overlay-gradient":""}},"footnotes":""},"class_list":["post-35","page","type-page","status-publish","hentry"],"uagb_featured_image_src":{"full":false,"thumbnail":false,"medium":false,"medium_large":false,"large":false,"1536x1536":false,"2048x2048":false},"uagb_author_info":{"display_name":"franco_pv","author_link":"https:\/\/tiefgrund.com.br\/?author=6"},"uagb_comment_info":0,"uagb_excerpt":null,"_links":{"self":[{"href":"https:\/\/tiefgrund.com.br\/index.php?rest_route=\/wp\/v2\/pages\/35","targetHints":{"allow":["GET"]}}],"collection":[{"href":"https:\/\/tiefgrund.com.br\/index.php?rest_route=\/wp\/v2\/pages"}],"about":[{"href":"https:\/\/tiefgrund.com.br\/index.php?rest_route=\/wp\/v2\/types\/page"}],"author":[{"embeddable":true,"href":"https:\/\/tiefgrund.com.br\/index.php?rest_route=\/wp\/v2\/users\/6"}],"replies":[{"embeddable":true,"href":"https:\/\/tiefgrund.com.br\/index.php?rest_route=%2Fwp%2Fv2%2Fcomments&post=35"}],"version-history":[{"count":2,"href":"https:\/\/tiefgrund.com.br\/index.php?rest_route=\/wp\/v2\/pages\/35\/revisions"}],"predecessor-version":[{"id":466,"href":"https:\/\/tiefgrund.com.br\/index.php?rest_route=\/wp\/v2\/pages\/35\/revisions\/466"}],"wp:attachment":[{"href":"https:\/\/tiefgrund.com.br\/index.php?rest_route=%2Fwp%2Fv2%2Fmedia&parent=35"}],"curies":[{"name":"wp","href":"https:\/\/api.w.org\/{rel}","templated":true}]}}