{"id":36,"date":"2025-12-27T16:09:26","date_gmt":"2025-12-27T16:09:26","guid":{"rendered":"http:\/\/tiefgrund.com.br\/?page_id=36"},"modified":"2025-12-27T16:09:26","modified_gmt":"2025-12-27T16:09:26","slug":"services","status":"publish","type":"page","link":"https:\/\/tiefgrund.com.br\/?page_id=36","title":{"rendered":"Services"},"content":{"rendered":"\n<div class=\"wp-block-uagb-container uagb-block-9ed5e6d4 alignfull uagb-is-root-container\"><div class=\"uagb-container-inner-blocks-wrap\">\n<div class=\"wp-block-uagb-info-box uagb-block-d5b134cc uagb-infobox__content-wrap  uagb-infobox-icon-above-title uagb-infobox-image-valign-top\"><div class=\"uagb-ifb-content\"><div class=\"uagb-ifb-title-wrap\"><span class=\"uagb-ifb-title-prefix\">Nossas Solu\u00e7\u00f5es<\/span><h1 class=\"uagb-ifb-title\">Oferecendo Excel\u00eancia em Engenharia e Constru\u00e7\u00e3o<\/h1><\/div><\/div><\/div>\n<\/div><\/div>\n\n\n\n<div class=\"wp-block-uagb-container uagb-block-48009aef alignfull uagb-is-root-container\"><div class=\"uagb-container-inner-blocks-wrap\">\n<div class=\"wp-block-uagb-container uagb-block-5250fd34\">\n<div class=\"wp-block-uagb-container uagb-block-e2a91d97\">\n<div class=\"wp-block-uagb-image alignleft uagb-block-8590ae9a wp-block-uagb-image--layout-default wp-block-uagb-image--effect-static wp-block-uagb-image--align-left\"><figure class=\"wp-block-uagb-image__figure\"><img decoding=\"async\" srcset=\"https:\/\/tiefgrund.com.br\/wp-content\/uploads\/2025\/12\/bridge-vietnam-sky-architecture-7989080.jpg ,https:\/\/tiefgrund.com.br\/wp-content\/uploads\/2025\/12\/bridge-vietnam-sky-architecture-7989080.jpg 780w, https:\/\/tiefgrund.com.br\/wp-content\/uploads\/2025\/12\/bridge-vietnam-sky-architecture-7989080.jpg 360w\" sizes=\"auto, (max-width: 480px) 150px\" src=\"https:\/\/tiefgrund.com.br\/wp-content\/uploads\/2025\/12\/bridge-vietnam-sky-architecture-7989080.jpg\" alt=\"bridge, vietnam, nature, sky, architecture\" class=\"uag-image-452\" width=\"600\" height=\"450\" title=\"Services\" loading=\"lazy\" role=\"img\"><\/figure><\/div>\n\n\n\n<div class=\"wp-block-uagb-info-box uagb-block-3c7afed0 uagb-infobox__content-wrap  uagb-infobox-icon-above-title uagb-infobox-image-valign-top\"><div class=\"uagb-ifb-content\"><div class=\"uagb-ifb-title-wrap\"><span class=\"uagb-ifb-title-prefix\">01.<\/span><h2 class=\"uagb-ifb-title\">Gerenciamento de Obras<\/h2><\/div><p class=\"uagb-ifb-desc\">Nosso servi\u00e7o de gerenciamento de obras \u00e9 projetado para otimizar todos os aspectos de sua constru\u00e7\u00e3o. Acompanhamos de perto cada etapa do projeto, desde o planejamento at\u00e9 a entrega final. Nossa equipe t\u00e9cnica trabalha para garantir que todos os recursos sejam utilizados de forma eficiente, minimizando custos enquanto maximiza a qualidade. Com comunica\u00e7\u00e3o transparente e relat\u00f3rios regulares, mantemos nossos clientes informados e envolvidos no processo. Sua satisfa\u00e7\u00e3o \u00e9 nossa prioridade, e estamos comprometidos em entregar resultados que superem suas expectativas.<\/p><\/div><\/div>\n<\/div>\n\n\n\n<div class=\"wp-block-uagb-container uagb-block-39480438\">\n<div class=\"wp-block-uagb-image alignleft uagb-block-c0169bf8 wp-block-uagb-image--layout-default wp-block-uagb-image--effect-static wp-block-uagb-image--align-left\"><figure class=\"wp-block-uagb-image__figure\"><img decoding=\"async\" srcset=\"https:\/\/tiefgrund.com.br\/wp-content\/uploads\/2025\/12\/arches-architecture-bridge-columns-1837166.jpg ,https:\/\/tiefgrund.com.br\/wp-content\/uploads\/2025\/12\/arches-architecture-bridge-columns-1837166.jpg 780w, https:\/\/tiefgrund.com.br\/wp-content\/uploads\/2025\/12\/arches-architecture-bridge-columns-1837166.jpg 360w\" sizes=\"auto, (max-width: 480px) 150px\" src=\"https:\/\/tiefgrund.com.br\/wp-content\/uploads\/2025\/12\/arches-architecture-bridge-columns-1837166.jpg\" alt=\"arches, architecture, bridge, nature, columns, construction, curve, engineering, foundation, outdoors, steel, travel, water\" class=\"uag-image-443\" width=\"600\" height=\"350\" title=\"Services\" loading=\"lazy\" role=\"img\"><\/figure><\/div>\n\n\n\n<div class=\"wp-block-uagb-info-box uagb-block-57760dfc uagb-infobox__content-wrap  uagb-infobox-icon-above-title uagb-infobox-image-valign-top\"><div class=\"uagb-ifb-content\"><div class=\"uagb-ifb-title-wrap\"><span class=\"uagb-ifb-title-prefix\">02.<\/span><h2 class=\"uagb-ifb-title\">Avalia\u00e7\u00f5es de Constru\u00e7\u00f5es<\/h2><\/div><p class=\"uagb-ifb-desc\">A avalia\u00e7\u00e3o de constru\u00e7\u00f5es \u00e9 fundamental para garantir a seguran\u00e7a e a integridade estrutural. Na Tiefgrund, usamos tecnologia de ponta e metodologias rigorosas para avaliar todas as facetas de uma edifica\u00e7\u00e3o. Nossos engenheiros experientes realizam inspe\u00e7\u00f5es completas, identificando potenciais problemas e sugerindo solu\u00e7\u00f5es pr\u00e1ticas e eficazes. Trabalhamos juntamente com propriet\u00e1rios e investidores para oferecer relat\u00f3rios detalhados que apoiem decis\u00f5es informadas. Nossa miss\u00e3o \u00e9 proporcionar a tranquilidade necess\u00e1ria para que voc\u00ea possa investir e operar com confian\u00e7a.<\/p><\/div><\/div>\n<\/div>\n<\/div>\n\n\n\n<div class=\"wp-block-uagb-container uagb-block-58944a93\">\n<div class=\"wp-block-uagb-container uagb-block-62a31330\">\n<div class=\"wp-block-uagb-image alignleft uagb-block-28a63686 wp-block-uagb-image--layout-default wp-block-uagb-image--effect-static wp-block-uagb-image--align-left\"><figure class=\"wp-block-uagb-image__figure\"><img decoding=\"async\" srcset=\"https:\/\/tiefgrund.com.br\/wp-content\/uploads\/2025\/12\/bridge-architecture-infrastructure-2289426.jpg ,https:\/\/tiefgrund.com.br\/wp-content\/uploads\/2025\/12\/bridge-architecture-infrastructure-2289426.jpg 780w, https:\/\/tiefgrund.com.br\/wp-content\/uploads\/2025\/12\/bridge-architecture-infrastructure-2289426.jpg 360w\" sizes=\"auto, (max-width: 480px) 150px\" src=\"https:\/\/tiefgrund.com.br\/wp-content\/uploads\/2025\/12\/bridge-architecture-infrastructure-2289426.jpg\" alt=\"bridge, architecture, infrastructure, contemporary, geometric shapes, design, outdoors, building, metal structure, structure, asia, malaysia, bridge, bridge, bridge, architecture, architecture, architecture, architecture, architecture, infrastructure, infrastructure, infrastructure, design, building, malaysia\" class=\"uag-image-444\" width=\"600\" height=\"350\" title=\"Services\" loading=\"lazy\" role=\"img\"><\/figure><\/div>\n\n\n\n<div class=\"wp-block-uagb-info-box uagb-block-b870fe7d uagb-infobox__content-wrap  uagb-infobox-icon-above-title uagb-infobox-image-valign-top\"><div class=\"uagb-ifb-content\"><div class=\"uagb-ifb-title-wrap\"><span class=\"uagb-ifb-title-prefix\">03.<\/span><h2 class=\"uagb-ifb-title\">Consultoria em Engenharia<\/h2><\/div><p class=\"uagb-ifb-desc\">Nossa consultoria em engenharia se destaca por oferecer an\u00e1lises aprofundadas e sugest\u00f5es pr\u00e1ticas que visam otimizar seus projetos. Nossa equipe \u00e9 composta por engenheiros experientes que analisam cada detalhe para garantir a viabilidade t\u00e9cnica e econ\u00f4mica das suas opera\u00e7\u00f5es. Trabalhamos ao lado dos nossos clientes para entender suas necessidades espec\u00edficas e criar solu\u00e7\u00f5es personalizadas. Com um foco em inova\u00e7\u00e3o e efici\u00eancia, ajudamos a transformar ideias em realidade, minimizando riscos e maximizando resultados positivos.<\/p><\/div><\/div>\n<\/div>\n\n\n\n<div class=\"wp-block-uagb-container uagb-block-a474bc71\">\n<div class=\"wp-block-uagb-image alignleft uagb-block-616a26fd wp-block-uagb-image--layout-default wp-block-uagb-image--effect-static wp-block-uagb-image--align-left\"><figure class=\"wp-block-uagb-image__figure\"><img decoding=\"async\" srcset=\"https:\/\/tiefgrund.com.br\/wp-content\/uploads\/2025\/12\/architecture-building-construction-4810454.jpg ,https:\/\/tiefgrund.com.br\/wp-content\/uploads\/2025\/12\/architecture-building-construction-4810454.jpg 780w, https:\/\/tiefgrund.com.br\/wp-content\/uploads\/2025\/12\/architecture-building-construction-4810454.jpg 360w\" sizes=\"auto, (max-width: 480px) 150px\" src=\"https:\/\/tiefgrund.com.br\/wp-content\/uploads\/2025\/12\/architecture-building-construction-4810454.jpg\" alt=\"architecture, building, construction, structure, urban, iron, atomium, brussels, belgium, blue city, blue building, blue construction, construction, construction, construction, construction, atomium, atomium, brussels, brussels, belgium, belgium, belgium, belgium, belgium\" class=\"uag-image-455\" width=\"600\" height=\"450\" title=\"Services\" loading=\"lazy\" role=\"img\"><\/figure><\/div>\n\n\n\n<div class=\"wp-block-uagb-info-box uagb-block-65a70ccb uagb-infobox__content-wrap  uagb-infobox-icon-above-title uagb-infobox-image-valign-top\"><div class=\"uagb-ifb-content\"><div class=\"uagb-ifb-title-wrap\"><span class=\"uagb-ifb-title-prefix\">04.<\/span><h2 class=\"uagb-ifb-title\">Servi\u00e7os de Constru\u00e7\u00e3o<\/h2><\/div><p class=\"uagb-ifb-desc\">Na Tiefgrund, oferecemos servi\u00e7os de constru\u00e7\u00e3o abrangentes, desde obras residenciais at\u00e9 comerciais. Nossa equipe \u00e9 altamente capacitada e dedicada a entregar projetos dentro dos prazos e com a melhor qualidade poss\u00edvel. N\u00f3s gerenciamos todos os aspectos da constru\u00e7\u00e3o, garantindo que cada etapa siga as normas e regulamentos vigentes. Al\u00e9m disso, utilizamos materiais de alta qualidade e t\u00e9cnicas construtivas modernas para garantir a durabilidade e seguran\u00e7a das edifica\u00e7\u00f5es. Ter um parceiro confi\u00e1vel na constru\u00e7\u00e3o \u00e9 essencial, e estamos aqui para fazer a diferen\u00e7a.<\/p><\/div><\/div>\n<\/div>\n<\/div>\n<\/div><\/div>\n\n\n\n<div class=\"wp-block-uagb-container uagb-block-b684870f alignfull uagb-is-root-container\"><div class=\"uagb-container-inner-blocks-wrap\">\n<div class=\"wp-block-uagb-info-box uagb-block-f83a47d8 uagb-infobox__content-wrap  uagb-infobox-icon-above-title uagb-infobox-image-valign-top\"><div class=\"uagb-ifb-content\"><div class=\"uagb-ifb-title-wrap\"><span class=\"uagb-ifb-title-prefix\">Entre em Contato<\/span><h2 class=\"uagb-ifb-title\">Pronto para transformar seu projeto? Fale conosco!<\/h2><\/div><p class=\"uagb-ifb-desc\">Nossos especialistas est\u00e3o dispon\u00edveis para ajudar voc\u00ea a implementar a melhor solu\u00e7\u00e3o de engenharia para sua necessidade.<\/p><div class=\"uagb-ifb-button-wrapper wp-block-button\"><a href=\"\/contact\/\" class=\"uagb-infobox-cta-link wp-block-button__link\" target=\"_self\" rel=\"noopener noreferrer\" onclick=\"return true;\" alt=\"\"><span class=\"uagb-inline-editing\">Solicite uma Proposta<\/span><\/a><\/div><\/div><\/div>\n<\/div><\/div>\n","protected":false},"excerpt":{"rendered":"","protected":false},"author":6,"featured_media":0,"parent":0,"menu_order":0,"comment_status":"closed","ping_status":"closed","template":"","meta":{"_uag_custom_page_level_css":"","site-sidebar-layout":"default","site-content-layout":"","ast-site-content-layout":"default","site-content-style":"default","site-sidebar-style":"default","ast-global-header-display":"","ast-banner-title-visibility":"","ast-main-header-display":"","ast-hfb-above-header-display":"","ast-hfb-below-header-display":"","ast-hfb-mobile-header-display":"","site-post-title":"disabled","ast-breadcrumbs-content":"","ast-featured-img":"","footer-sml-layout":"","ast-disable-related-posts":"","theme-transparent-header-meta":"enabled","adv-header-id-meta":"","stick-header-meta":"","header-above-stick-meta":"","header-main-stick-meta":"","header-below-stick-meta":"","astra-migrate-meta-layouts":"default","ast-page-background-enabled":"default","ast-page-background-meta":{"desktop":{"background-color":"var(--ast-global-color-4)","background-image":"","background-repeat":"repeat","background-position":"center center","background-size":"auto","background-attachment":"scroll","background-type":"","background-media":"","overlay-type":"","overlay-color":"","overlay-opacity":"","overlay-gradient":""},"tablet":{"background-color":"","background-image":"","background-repeat":"repeat","background-position":"center center","background-size":"auto","background-attachment":"scroll","background-type":"","background-media":"","overlay-type":"","overlay-color":"","overlay-opacity":"","overlay-gradient":""},"mobile":{"background-color":"","background-image":"","background-repeat":"repeat","background-position":"center center","background-size":"auto","background-attachment":"scroll","background-type":"","background-media":"","overlay-type":"","overlay-color":"","overlay-opacity":"","overlay-gradient":""}},"ast-content-background-meta":{"desktop":{"background-color":"var(--ast-global-color-5)","background-image":"","background-repeat":"repeat","background-position":"center center","background-size":"auto","background-attachment":"scroll","background-type":"","background-media":"","overlay-type":"","overlay-color":"","overlay-opacity":"","overlay-gradient":""},"tablet":{"background-color":"var(--ast-global-color-5)","background-image":"","background-repeat":"repeat","background-position":"center center","background-size":"auto","background-attachment":"scroll","background-type":"","background-media":"","overlay-type":"","overlay-color":"","overlay-opacity":"","overlay-gradient":""},"mobile":{"background-color":"var(--ast-global-color-5)","background-image":"","background-repeat":"repeat","background-position":"center center","background-size":"auto","background-attachment":"scroll","background-type":"","background-media":"","overlay-type":"","overlay-color":"","overlay-opacity":"","overlay-gradient":""}},"footnotes":""},"class_list":["post-36","page","type-page","status-publish","hentry"],"uagb_featured_image_src":{"full":false,"thumbnail":false,"medium":false,"medium_large":false,"large":false,"1536x1536":false,"2048x2048":false},"uagb_author_info":{"display_name":"franco_pv","author_link":"https:\/\/tiefgrund.com.br\/?author=6"},"uagb_comment_info":0,"uagb_excerpt":null,"_links":{"self":[{"href":"https:\/\/tiefgrund.com.br\/index.php?rest_route=\/wp\/v2\/pages\/36","targetHints":{"allow":["GET"]}}],"collection":[{"href":"https:\/\/tiefgrund.com.br\/index.php?rest_route=\/wp\/v2\/pages"}],"about":[{"href":"https:\/\/tiefgrund.com.br\/index.php?rest_route=\/wp\/v2\/types\/page"}],"author":[{"embeddable":true,"href":"https:\/\/tiefgrund.com.br\/index.php?rest_route=\/wp\/v2\/users\/6"}],"replies":[{"embeddable":true,"href":"https:\/\/tiefgrund.com.br\/index.php?rest_route=%2Fwp%2Fv2%2Fcomments&post=36"}],"version-history":[{"count":1,"href":"https:\/\/tiefgrund.com.br\/index.php?rest_route=\/wp\/v2\/pages\/36\/revisions"}],"predecessor-version":[{"id":465,"href":"https:\/\/tiefgrund.com.br\/index.php?rest_route=\/wp\/v2\/pages\/36\/revisions\/465"}],"wp:attachment":[{"href":"https:\/\/tiefgrund.com.br\/index.php?rest_route=%2Fwp%2Fv2%2Fmedia&parent=36"}],"curies":[{"name":"wp","href":"https:\/\/api.w.org\/{rel}","templated":true}]}}